{"id":3336,"date":"2021-12-07T12:28:32","date_gmt":"2021-12-07T17:28:32","guid":{"rendered":"https:\/\/ai4good-lab.local\/commanditaires-et-partenaires-nationaux\/"},"modified":"2026-03-14T02:25:09","modified_gmt":"2026-03-14T06:25:09","slug":"commanditaires-et-partenaires-nationaux","status":"publish","type":"page","link":"https:\/\/www.ai4goodlab.com\/fr\/commanditaires-et-partenaires-nationaux\/","title":{"rendered":"Comman&shy;ditaires et parte&shy;naires"},"content":{"rendered":"\n<h1>\n\t\t\tComman&shy;ditaires et parte&shy;nair&shy;es.\t<\/h1>\n\t<p>Ensemble, nous encourageons la diversit\u00e9 au sein du secteur technologique<\/p>\n<figure itemscope itemtype=\"https:\/\/schema.org\/ImageObject\">\n\t\t\t\t<img decoding=\"async\" src=\"https:\/\/www.ai4goodlab.com\/wp-content\/uploads\/2022\/01\/sponsors-and-partners-2.jpg\" alt=\"sponsors-and-partners-2\" height=\"533\" width=\"800\" title=\"sponsors-and-partners-2\" onerror=\"this.style.display='none'\" loading=\"lazy\" \/>\n\t<\/figure>\n\t\t\t<h2>Pour la cr\u00e9ation de r\u00e9seaux diversifi\u00e9s au sein de la communaut\u00e9 de l&rsquo;intelligence artificielle.<\/h2>\t\t\t\n\t\t\t\t<p>Nos partenaires appuient la diversit\u00e9 dans le secteur de l&rsquo;intelligence artificielle par l&rsquo;interaction directe avec nos participantes du programme en cours et celles des cohortes ant\u00e9rieures, ce qui permet \u00e0 ces femmes+ de se cr\u00e9er un r\u00e9seau professionnel solide en d\u00e9but de carri\u00e8re.<\/p>\n\n\t\t\t<h2>Offre de mentorat de haut niveau aux participantes.<\/h2>\t\t\t\n\t\t\t\t<p>Par le mentorat, nos commanditaires et partenaires jouent un r\u00f4le cl\u00e9 dans le d\u00e9veloppement de carri\u00e8re de nos participantes. De haut-e-s dirigeant-e-s en intelligence artificielle se joignent \u00e0 nous pour partager leurs connaissances et offrir un accompagnement essentiel \u00e0 l&rsquo;int\u00e9gration des personnes traditionnellement sous-repr\u00e9sent\u00e9es.<\/p>\n\n<figure itemscope itemtype=\"https:\/\/schema.org\/ImageObject\">\n\t\t\t\t<img decoding=\"async\" src=\"https:\/\/www.ai4goodlab.com\/wp-content\/uploads\/2022\/01\/sponsors-and-partners-1.jpg\" alt=\"sponsors-and-partners-1\" height=\"533\" width=\"800\" title=\"sponsors-and-partners-1\" onerror=\"this.style.display='none'\" loading=\"lazy\" \/>\n\t<\/figure>\n<figure itemscope itemtype=\"https:\/\/schema.org\/ImageObject\">\n\t\t\t\t<img decoding=\"async\" src=\"https:\/\/www.ai4goodlab.com\/wp-content\/uploads\/2022\/01\/sponsors-and-partners-3.jpg\" alt=\"sponsors-and-partners-3\" height=\"533\" width=\"800\" title=\"sponsors-and-partners-3\" onerror=\"this.style.display='none'\" loading=\"lazy\" \/>\n\t<\/figure>\n\t\t\t<h2>R\u00e9duction des obstacles \u00e9conomiques \u00e0 l&rsquo;\u00e9ducation.<\/h2>\t\t\t\n\t\t\t\t<p>Le soutien de nos commanditaires et partenaires nous permet de verser une allocation \u00e0 chaque participante et de ne pas exiger de frais de participation, ce qui permet l&rsquo;acc\u00e8s \u00e0 notre programme intensif, peu importe la situation \u00e9conomique de&nbsp;chacune.<\/p>\n\n<h2>\n\t\t\tCe que nos commandi&shy;taires disent de notre program&shy;me. \t<\/h2>\n<figure itemscope itemtype=\"https:\/\/schema.org\/ImageObject\">\n\t\t\t\t<img decoding=\"async\" src=\"https:\/\/www.ai4goodlab.com\/wp-content\/uploads\/2022\/02\/quote-jodie-wallis.jpg\" alt=\"Jodie Wallis\" height=\"800\" width=\"800\" title=\"quote-jodie-wallis\" onerror=\"this.style.display='none'\" loading=\"lazy\" \/>\n\t<\/figure>\n\t<p>\u00ab La relation entre Manuvie et le AI4Good Lab repr\u00e9sente un investissement dans l&rsquo;avenir de l&rsquo;intelligence artificielle. En fournissant des mod\u00e8les exp\u00e9riment\u00e9s aux femmes qui viennent d&rsquo;entrer dans le secteur, nous jetons les bases des \u00e9quipes diversifi\u00e9es de&nbsp;demain.&nbsp;\u00bb<\/p>\n\t<p><strong>Jodie Wallis<\/strong><br \/>analyse en chef \u00e0 l&rsquo;international, Manuvie<\/p>\n<h2>\n\t\t\tNos parten&shy;air&shy;es.\t<\/h2>\n<h3>\n\t\t\tPr\u00e9sent\u00e9 par\t<\/h3>\n<figure itemscope itemtype=\"https:\/\/schema.org\/ImageObject\">\n\t\t\t\t<a href=\"https:\/\/mila.quebec\/\"  target=\"_self\" itemprop=\"url\">\n\t\t\t\t<img decoding=\"async\" src=\"https:\/\/www.ai4goodlab.com\/wp-content\/uploads\/2022\/05\/0mila.png\" alt=\"Mila\" height=\"310\" width=\"762\" title=\"Mila\" onerror=\"this.style.display='none'\" loading=\"lazy\" \/>\n\t\t\t\t<\/a>\n\t<\/figure>\n<h3>\n\t\t\tPartenaire fondateur et Partenaire de livraison\t<\/h3>\n<figure itemscope itemtype=\"https:\/\/schema.org\/ImageObject\">\n\t\t\t\t<a href=\"https:\/\/cifar.ca\/fr\/\"  target=\"_self\" itemprop=\"url\">\n\t\t\t\t<img decoding=\"async\" src=\"https:\/\/www.ai4goodlab.com\/wp-content\/uploads\/\/2021\/12\/cifar.svg\" alt=\"CIFAR\" height=\"55\" width=\"167\" title=\"cifar\" onerror=\"this.style.display='none'\" loading=\"lazy\" \/>\n\t\t\t\t<\/a>\n\t<\/figure>\n<h3>\n\t\t\tPartenaire fondateur\t<\/h3>\n<figure itemscope itemtype=\"https:\/\/schema.org\/ImageObject\">\n\t\t\t\t<a href=\"https:\/\/osmomtl.org\/\"  target=\"_self\" itemprop=\"url\">\n\t\t\t\t<img decoding=\"async\" src=\"https:\/\/www.ai4goodlab.com\/wp-content\/uploads\/\/2021\/12\/osmo.svg\" alt=\"OSMO\" height=\"0\" width=\"0\" title=\"osmo\" onerror=\"this.style.display='none'\" loading=\"lazy\" \/>\n\t\t\t\t<\/a>\n\t<\/figure>\n<h3>\n\t\t\tCommanditaire principal\t<\/h3>\n<figure itemscope itemtype=\"https:\/\/schema.org\/ImageObject\">\n\t\t\t\t<a href=\"https:\/\/ivado.ca\/\"  target=\"_self\" itemprop=\"url\">\n\t\t\t\t<img decoding=\"async\" src=\"https:\/\/www.ai4goodlab.com\/wp-content\/uploads\/2021\/12\/ivado-logo-300px.jpg\" alt=\"IVADO\" height=\"201\" width=\"600\" title=\"ivado-logo-300px\" onerror=\"this.style.display='none'\" loading=\"lazy\" \/>\n\t\t\t\t<\/a>\n\t<\/figure>\n<h3>\n\t\t\tPartenaires de livraison\t<\/h3>\n<figure itemscope itemtype=\"https:\/\/schema.org\/ImageObject\">\n\t\t\t\t<a href=\"https:\/\/fr.amii.ca\/\"  target=\"_self\" itemprop=\"url\">\n\t\t\t\t<img decoding=\"async\" src=\"https:\/\/www.ai4goodlab.com\/wp-content\/uploads\/2022\/05\/Amii-colour.png\" alt=\"amii\" height=\"450\" width=\"568\" title=\"amii\" onerror=\"this.style.display='none'\" loading=\"lazy\" \/>\n\t\t\t\t<\/a>\n\t<\/figure>\n<figure itemscope itemtype=\"https:\/\/schema.org\/ImageObject\">\n\t\t\t\t<a href=\"https:\/\/vectorinstitute.ai\/fr\/\"  target=\"_self\" itemprop=\"url\">\n\t\t\t\t<img decoding=\"async\" src=\"https:\/\/www.ai4goodlab.com\/wp-content\/uploads\/\/2021\/12\/vector-institute.svg\" alt=\"Institut Vecteur\" height=\"49\" width=\"62\" title=\"vector-institute\" onerror=\"this.style.display='none'\" loading=\"lazy\" \/>\n\t\t\t\t<\/a>\n\t<\/figure>\n<h3>\n\t\t\tCommanditaire Visionnaire\t<\/h3>\n<figure itemscope itemtype=\"https:\/\/schema.org\/ImageObject\">\n\t\t\t\t<a href=\"https:\/\/www.manulife.ca\/\"  target=\"_self\" itemprop=\"url\">\n\t\t\t\t<img decoding=\"async\" src=\"https:\/\/www.ai4goodlab.com\/wp-content\/uploads\/\/2021\/12\/manulife.svg\" alt=\"Manulife\" height=\"25\" width=\"130\" title=\"manulife\" onerror=\"this.style.display='none'\" loading=\"lazy\" \/>\n\t\t\t\t<\/a>\n\t<\/figure>\n<h3>\n\t\t\tCommanditaire Alli\u00e9\t<\/h3>\n<figure itemscope itemtype=\"https:\/\/schema.org\/ImageObject\">\n\t\t\t\t<a href=\"https:\/\/deepmind.google\/\"  target=\"_self\" itemprop=\"url\">\n\t\t\t\t<img decoding=\"async\" src=\"https:\/\/www.ai4goodlab.com\/wp-content\/uploads\/2021\/12\/focus-systems-logo.png\" alt=\"Focus Systems\" height=\"200\" width=\"500\" title=\"focus-systems-logo\" onerror=\"this.style.display='none'\" loading=\"lazy\" \/>\n\t\t\t\t<\/a>\n\t<\/figure>\n<h2>\n\t\t\tApprenez-en davantage sur nos colla&shy;borations\t<\/h2>\n\t\t\t<a href=\"mailto:info@ai4goodlab.com\" title=\"Communiquez avec&nbsp;nous\" target=\"_self\"   role=\"button\" aria-label=\"Communiquez avec&nbsp;nous\">\n\t\t\t\t\t\t\tCommuniquez avec&nbsp;nous\n\t\t<\/a>\n\n","protected":false},"excerpt":{"rendered":"<p>Comman&shy;ditaires et parte&shy;nair&shy;es. Ensemble, nous encourageons la diversit\u00e9 au sein du secteur technologique Pour la cr\u00e9ation de r\u00e9seaux diversifi\u00e9s au sein de la communaut\u00e9 de l&rsquo;intelligence artificielle. Nos partenaires appuient la diversit\u00e9 dans le secteur de l&rsquo;intelligence artificielle par l&rsquo;interaction directe avec nos participantes du programme en cours et celles des cohortes ant\u00e9rieures, ce qui&hellip;<\/p>\n","protected":false},"author":1,"featured_media":0,"parent":0,"menu_order":0,"comment_status":"closed","ping_status":"closed","template":"","meta":{"inline_featured_image":false,"footnotes":""},"class_list":["post-3336","page","type-page","status-publish","hentry"],"yoast_head":"<!-- This site is optimized with the Yoast SEO plugin v27.3 - https:\/\/yoast.com\/product\/yoast-seo-wordpress\/ -->\n<title>Comman&shy;ditaires et parte&shy;naires - AI4Good Lab<\/title>\n<meta name=\"robots\" content=\"index, follow, max-snippet:-1, max-image-preview:large, max-video-preview:-1\" \/>\n<link rel=\"canonical\" href=\"https:\/\/www.ai4goodlab.com\/fr\/commanditaires-et-partenaires-nationaux\/\" \/>\n<meta property=\"og:locale\" content=\"fr_FR\" \/>\n<meta property=\"og:type\" content=\"article\" \/>\n<meta property=\"og:title\" content=\"AI4Good Lab\" \/>\n<meta property=\"og:description\" content=\"Comman&shy;ditaires et parte&shy;nair&shy;es. Ensemble, nous encourageons la diversit\u00e9 au sein du secteur technologique Pour la cr\u00e9ation de r\u00e9seaux diversifi\u00e9s au sein de la communaut\u00e9 de l&rsquo;intelligence artificielle. Nos partenaires appuient la diversit\u00e9 dans le secteur de l&rsquo;intelligence artificielle par l&rsquo;interaction directe avec nos participantes du programme en cours et celles des cohortes ant\u00e9rieures, ce qui&hellip;\" \/>\n<meta property=\"og:url\" content=\"https:\/\/www.ai4goodlab.com\/fr\/commanditaires-et-partenaires-nationaux\/\" \/>\n<meta property=\"og:site_name\" content=\"AI4Good Lab\" \/>\n<meta property=\"article:modified_time\" content=\"2026-03-14T06:25:09+00:00\" \/>\n<meta property=\"og:image\" content=\"https:\/\/www.ai4goodlab.com\/wp-content\/uploads\/2022\/03\/ai4goodlab-og-1-1024x538.jpg\" \/>\n<meta name=\"twitter:card\" content=\"summary_large_image\" \/>\n<meta name=\"twitter:title\" content=\"AI4Good Lab\" \/>\n<meta name=\"twitter:image\" content=\"https:\/\/www.ai4goodlab.com\/wp-content\/uploads\/2022\/03\/ai4goodlab-og-1-1024x538.jpg\" \/>\n<meta name=\"twitter:label1\" content=\"Dur\u00e9e de lecture estim\u00e9e\" \/>\n\t<meta name=\"twitter:data1\" content=\"1 minute\" \/>\n<script type=\"application\/ld+json\" class=\"yoast-schema-graph\">{\"@context\":\"https:\\\/\\\/schema.org\",\"@graph\":[{\"@type\":\"WebPage\",\"@id\":\"https:\\\/\\\/www.ai4goodlab.com\\\/fr\\\/commanditaires-et-partenaires-nationaux\\\/\",\"url\":\"https:\\\/\\\/www.ai4goodlab.com\\\/fr\\\/commanditaires-et-partenaires-nationaux\\\/\",\"name\":\"Comman&shy;ditaires et parte&shy;naires - AI4Good Lab\",\"isPartOf\":{\"@id\":\"https:\\\/\\\/www.ai4goodlab.com\\\/fr\\\/#website\"},\"primaryImageOfPage\":{\"@id\":\"https:\\\/\\\/www.ai4goodlab.com\\\/fr\\\/commanditaires-et-partenaires-nationaux\\\/#primaryimage\"},\"image\":{\"@id\":\"https:\\\/\\\/www.ai4goodlab.com\\\/fr\\\/commanditaires-et-partenaires-nationaux\\\/#primaryimage\"},\"thumbnailUrl\":\"https:\\\/\\\/www.ai4goodlab.com\\\/wp-content\\\/uploads\\\/2022\\\/01\\\/sponsors-and-partners-2.jpg\",\"datePublished\":\"2021-12-07T17:28:32+00:00\",\"dateModified\":\"2026-03-14T06:25:09+00:00\",\"breadcrumb\":{\"@id\":\"https:\\\/\\\/www.ai4goodlab.com\\\/fr\\\/commanditaires-et-partenaires-nationaux\\\/#breadcrumb\"},\"inLanguage\":\"fr-FR\",\"potentialAction\":[{\"@type\":\"ReadAction\",\"target\":[\"https:\\\/\\\/www.ai4goodlab.com\\\/fr\\\/commanditaires-et-partenaires-nationaux\\\/\"]}]},{\"@type\":\"ImageObject\",\"inLanguage\":\"fr-FR\",\"@id\":\"https:\\\/\\\/www.ai4goodlab.com\\\/fr\\\/commanditaires-et-partenaires-nationaux\\\/#primaryimage\",\"url\":\"https:\\\/\\\/www.ai4goodlab.com\\\/wp-content\\\/uploads\\\/2022\\\/01\\\/sponsors-and-partners-2.jpg\",\"contentUrl\":\"https:\\\/\\\/www.ai4goodlab.com\\\/wp-content\\\/uploads\\\/2022\\\/01\\\/sponsors-and-partners-2.jpg\"},{\"@type\":\"BreadcrumbList\",\"@id\":\"https:\\\/\\\/www.ai4goodlab.com\\\/fr\\\/commanditaires-et-partenaires-nationaux\\\/#breadcrumb\",\"itemListElement\":[{\"@type\":\"ListItem\",\"position\":1,\"name\":\"Home\",\"item\":\"https:\\\/\\\/www.ai4goodlab.com\\\/fr\\\/\"},{\"@type\":\"ListItem\",\"position\":2,\"name\":\"Comman&shy;ditaires et parte&shy;naires\"}]},{\"@type\":\"WebSite\",\"@id\":\"https:\\\/\\\/www.ai4goodlab.com\\\/fr\\\/#website\",\"url\":\"https:\\\/\\\/www.ai4goodlab.com\\\/fr\\\/\",\"name\":\"AI4Good Lab\",\"description\":\"We train and mentor women to succeed in AI\",\"potentialAction\":[{\"@type\":\"SearchAction\",\"target\":{\"@type\":\"EntryPoint\",\"urlTemplate\":\"https:\\\/\\\/www.ai4goodlab.com\\\/fr\\\/?s={search_term_string}\"},\"query-input\":{\"@type\":\"PropertyValueSpecification\",\"valueRequired\":true,\"valueName\":\"search_term_string\"}}],\"inLanguage\":\"fr-FR\"}]}<\/script>\n<!-- \/ Yoast SEO plugin. -->","yoast_head_json":{"title":"Comman&shy;ditaires et parte&shy;naires - AI4Good Lab","robots":{"index":"index","follow":"follow","max-snippet":"max-snippet:-1","max-image-preview":"max-image-preview:large","max-video-preview":"max-video-preview:-1"},"canonical":"https:\/\/www.ai4goodlab.com\/fr\/commanditaires-et-partenaires-nationaux\/","og_locale":"fr_FR","og_type":"article","og_title":"AI4Good Lab","og_description":"Comman&shy;ditaires et parte&shy;nair&shy;es. Ensemble, nous encourageons la diversit\u00e9 au sein du secteur technologique Pour la cr\u00e9ation de r\u00e9seaux diversifi\u00e9s au sein de la communaut\u00e9 de l&rsquo;intelligence artificielle. Nos partenaires appuient la diversit\u00e9 dans le secteur de l&rsquo;intelligence artificielle par l&rsquo;interaction directe avec nos participantes du programme en cours et celles des cohortes ant\u00e9rieures, ce qui&hellip;","og_url":"https:\/\/www.ai4goodlab.com\/fr\/commanditaires-et-partenaires-nationaux\/","og_site_name":"AI4Good Lab","article_modified_time":"2026-03-14T06:25:09+00:00","og_image":[{"url":"https:\/\/www.ai4goodlab.com\/wp-content\/uploads\/2022\/03\/ai4goodlab-og-1-1024x538.jpg","type":"","width":"","height":""}],"twitter_card":"summary_large_image","twitter_title":"AI4Good Lab","twitter_image":"https:\/\/www.ai4goodlab.com\/wp-content\/uploads\/2022\/03\/ai4goodlab-og-1-1024x538.jpg","twitter_misc":{"Dur\u00e9e de lecture estim\u00e9e":"1 minute"},"schema":{"@context":"https:\/\/schema.org","@graph":[{"@type":"WebPage","@id":"https:\/\/www.ai4goodlab.com\/fr\/commanditaires-et-partenaires-nationaux\/","url":"https:\/\/www.ai4goodlab.com\/fr\/commanditaires-et-partenaires-nationaux\/","name":"Comman&shy;ditaires et parte&shy;naires - AI4Good Lab","isPartOf":{"@id":"https:\/\/www.ai4goodlab.com\/fr\/#website"},"primaryImageOfPage":{"@id":"https:\/\/www.ai4goodlab.com\/fr\/commanditaires-et-partenaires-nationaux\/#primaryimage"},"image":{"@id":"https:\/\/www.ai4goodlab.com\/fr\/commanditaires-et-partenaires-nationaux\/#primaryimage"},"thumbnailUrl":"https:\/\/www.ai4goodlab.com\/wp-content\/uploads\/2022\/01\/sponsors-and-partners-2.jpg","datePublished":"2021-12-07T17:28:32+00:00","dateModified":"2026-03-14T06:25:09+00:00","breadcrumb":{"@id":"https:\/\/www.ai4goodlab.com\/fr\/commanditaires-et-partenaires-nationaux\/#breadcrumb"},"inLanguage":"fr-FR","potentialAction":[{"@type":"ReadAction","target":["https:\/\/www.ai4goodlab.com\/fr\/commanditaires-et-partenaires-nationaux\/"]}]},{"@type":"ImageObject","inLanguage":"fr-FR","@id":"https:\/\/www.ai4goodlab.com\/fr\/commanditaires-et-partenaires-nationaux\/#primaryimage","url":"https:\/\/www.ai4goodlab.com\/wp-content\/uploads\/2022\/01\/sponsors-and-partners-2.jpg","contentUrl":"https:\/\/www.ai4goodlab.com\/wp-content\/uploads\/2022\/01\/sponsors-and-partners-2.jpg"},{"@type":"BreadcrumbList","@id":"https:\/\/www.ai4goodlab.com\/fr\/commanditaires-et-partenaires-nationaux\/#breadcrumb","itemListElement":[{"@type":"ListItem","position":1,"name":"Home","item":"https:\/\/www.ai4goodlab.com\/fr\/"},{"@type":"ListItem","position":2,"name":"Comman&shy;ditaires et parte&shy;naires"}]},{"@type":"WebSite","@id":"https:\/\/www.ai4goodlab.com\/fr\/#website","url":"https:\/\/www.ai4goodlab.com\/fr\/","name":"AI4Good Lab","description":"We train and mentor women to succeed in AI","potentialAction":[{"@type":"SearchAction","target":{"@type":"EntryPoint","urlTemplate":"https:\/\/www.ai4goodlab.com\/fr\/?s={search_term_string}"},"query-input":{"@type":"PropertyValueSpecification","valueRequired":true,"valueName":"search_term_string"}}],"inLanguage":"fr-FR"}]}},"_links":{"self":[{"href":"https:\/\/www.ai4goodlab.com\/fr\/wp-json\/wp\/v2\/pages\/3336","targetHints":{"allow":["GET"]}}],"collection":[{"href":"https:\/\/www.ai4goodlab.com\/fr\/wp-json\/wp\/v2\/pages"}],"about":[{"href":"https:\/\/www.ai4goodlab.com\/fr\/wp-json\/wp\/v2\/types\/page"}],"author":[{"embeddable":true,"href":"https:\/\/www.ai4goodlab.com\/fr\/wp-json\/wp\/v2\/users\/1"}],"replies":[{"embeddable":true,"href":"https:\/\/www.ai4goodlab.com\/fr\/wp-json\/wp\/v2\/comments?post=3336"}],"version-history":[{"count":0,"href":"https:\/\/www.ai4goodlab.com\/fr\/wp-json\/wp\/v2\/pages\/3336\/revisions"}],"wp:attachment":[{"href":"https:\/\/www.ai4goodlab.com\/fr\/wp-json\/wp\/v2\/media?parent=3336"}],"curies":[{"name":"wp","href":"https:\/\/api.w.org\/{rel}","templated":true}]}}